{"id":543,"date":"2024-03-28T08:13:14","date_gmt":"2024-03-28T08:13:14","guid":{"rendered":"https:\/\/startersites.io\/blocksy\/pottery\/?post_type=product&#038;p=543"},"modified":"2025-07-09T11:40:56","modified_gmt":"2025-07-09T11:40:56","slug":"site-web-de-portfolio-dartiste","status":"publish","type":"product","link":"https:\/\/kreaticx.online\/fr\/produit\/site-web-de-portfolio-dartiste\/","title":{"rendered":"Portefeuille d'artistes"},"content":{"rendered":"<h3>SITE WEB DU PORTFOLIO DE L'ARTISTE<\/h3>\n<p>Nous concevons <strong data-start=\"355\" data-end=\"397\">sites web de portfolios d'artistes professionnels<\/strong> qui mettent en valeur votre travail cr\u00e9atif et votre marque personnelle avec \u00e9l\u00e9gance et clart\u00e9.<\/p>\n<p>Que vous soyez un :<\/p>\n<ul>\n<li>peintre<\/li>\n<li>illustrateur<\/li>\n<li>photographe<\/li>\n<li>artiste num\u00e9rique<\/li>\n<li>musicien<\/li>\n<\/ul>\n<p>votre site web sera con\u00e7u pour refl\u00e9ter votre style unique et votre vision artistique.<\/p>\n<h3>COMMENT \u00c7A MARCHE ?<\/h3>\n<ul>\n<li><span class=\"ekit-stylish-list-content-title\">Passez votre commande : <\/span><span class=\"ekit-stylish-list-content-description\">Soumettez votre commande par l'interm\u00e9diaire de notre magasin - Aucun paiement initial n'est requis.<\/span><\/li>\n<li><span class=\"ekit-stylish-list-content-title\">Consultation et confirmation : <\/span><span class=\"ekit-stylish-list-content-description\">Nous vous contacterons pour comprendre votre projet et vos besoins.<\/span><\/li>\n<li><span class=\"ekit-stylish-list-content-title\">Ex\u00e9cution du projet : <\/span><span class=\"ekit-stylish-list-content-description\">Une fois que tout est clair, nous commen\u00e7ons \u00e0 travailler sur la base de vos besoins sp\u00e9cifiques.<\/span><\/li>\n<li><span class=\"ekit-stylish-list-content-title\">Livraison et paiement final : <\/span><span class=\"ekit-stylish-list-content-description\">Une fois le projet achev\u00e9 et approuv\u00e9, nous le livrons et en assurons le suivi.<\/span><\/li>\n<\/ul>\n<h3><strong>CONTACTS :<\/strong><\/h3>\n<ul>\n<li>T\u00e9l\u00e9phone et Wechat : 18329076163<\/li>\n<li>Courriel : Contact@kreaticx.com<\/li>\n<\/ul>","protected":false},"excerpt":{"rendered":"<p>Des portfolios d'artistes personnalis\u00e9s con\u00e7us pour mettre en valeur votre travail, votre style et votre histoire, afin d'impressionner et d'attirer des opportunit\u00e9s.<\/p>","protected":false},"featured_media":4260,"comment_status":"open","ping_status":"closed","template":"","meta":[],"product_brand":[],"product_cat":[57,56],"product_tag":[],"class_list":{"0":"post-543","1":"product","2":"type-product","3":"status-publish","4":"has-post-thumbnail","6":"product_cat-seo","7":"product_cat-web-development","9":"first","10":"instock","11":"shipping-taxable","12":"purchasable","13":"product-type-simple"},"yoast_head":"<!-- This site is optimized with the Yoast SEO Premium plugin v25.1 (Yoast SEO v26.2) - https:\/\/yoast.com\/wordpress\/plugins\/seo\/ -->\n<title>Artist Portfolio Website - Kreaticx<\/title>\n<meta name=\"robots\" content=\"index, follow, max-snippet:-1, max-image-preview:large, max-video-preview:-1\" \/>\n<link rel=\"canonical\" href=\"https:\/\/kreaticx.online\/fr\/produit\/site-web-de-portfolio-dartiste\/\" \/>\n<meta property=\"og:locale\" content=\"fr_FR\" \/>\n<meta property=\"og:type\" content=\"article\" \/>\n<meta property=\"og:title\" content=\"Artist Portfolio Website\" \/>\n<meta property=\"og:description\" content=\"Custom artist portfolio websites designed to showcase your work, style, and story\u2014built to impress and attract opportunities.\" \/>\n<meta property=\"og:url\" content=\"https:\/\/kreaticx.online\/fr\/produit\/site-web-de-portfolio-dartiste\/\" \/>\n<meta property=\"og:site_name\" content=\"Kreaticx\" \/>\n<meta property=\"article:modified_time\" content=\"2025-07-09T11:40:56+00:00\" \/>\n<meta property=\"og:image\" content=\"https:\/\/kreaticx.online\/wp-content\/uploads\/2024\/03\/17-1.webp\" \/>\n\t<meta property=\"og:image:width\" content=\"1080\" \/>\n\t<meta property=\"og:image:height\" content=\"1080\" \/>\n\t<meta property=\"og:image:type\" content=\"image\/webp\" \/>\n<meta name=\"twitter:card\" content=\"summary_large_image\" \/>\n<meta name=\"twitter:label1\" content=\"Prix\" \/>\n\t<meta name=\"twitter:data1\" content=\"&yen;0.90\" \/>\n\t<meta name=\"twitter:label2\" content=\"Disponibilit\u00e9\" \/>\n\t<meta name=\"twitter:data2\" content=\"En stock\" \/>\n<script type=\"application\/ld+json\" class=\"yoast-schema-graph\">{\"@context\":\"https:\/\/schema.org\",\"@graph\":[{\"@type\":\"WebPage\",\"@id\":\"https:\/\/kreaticx.online\/zh\/product\/artist-portfolio-website\/\",\"url\":\"https:\/\/kreaticx.online\/zh\/product\/artist-portfolio-website\/\",\"name\":\"Artist Portfolio Website - Kreaticx\",\"isPartOf\":{\"@id\":\"https:\/\/kreaticx.online\/#website\"},\"primaryImageOfPage\":{\"@id\":\"https:\/\/kreaticx.online\/zh\/product\/artist-portfolio-website\/#primaryimage\"},\"image\":{\"@id\":\"https:\/\/kreaticx.online\/zh\/product\/artist-portfolio-website\/#primaryimage\"},\"thumbnailUrl\":\"https:\/\/kreaticx.online\/wp-content\/uploads\/2024\/03\/17-1.webp\",\"datePublished\":\"2024-03-28T08:13:14+00:00\",\"dateModified\":\"2025-07-09T11:40:56+00:00\",\"breadcrumb\":{\"@id\":\"https:\/\/kreaticx.online\/zh\/product\/artist-portfolio-website\/#breadcrumb\"},\"inLanguage\":\"fr-FR\",\"potentialAction\":[{\"@type\":\"ReadAction\",\"target\":[\"https:\/\/kreaticx.online\/zh\/product\/artist-portfolio-website\/\"]}]},{\"@type\":\"ImageObject\",\"inLanguage\":\"fr-FR\",\"@id\":\"https:\/\/kreaticx.online\/zh\/product\/artist-portfolio-website\/#primaryimage\",\"url\":\"https:\/\/kreaticx.online\/wp-content\/uploads\/2024\/03\/17-1.webp\",\"contentUrl\":\"https:\/\/kreaticx.online\/wp-content\/uploads\/2024\/03\/17-1.webp\",\"width\":1080,\"height\":1080},{\"@type\":\"BreadcrumbList\",\"@id\":\"https:\/\/kreaticx.online\/zh\/product\/artist-portfolio-website\/#breadcrumb\",\"itemListElement\":[{\"@type\":\"ListItem\",\"position\":1,\"name\":\"Home\",\"item\":\"https:\/\/kreaticx.online\/\"},{\"@type\":\"ListItem\",\"position\":2,\"name\":\"Digital Hub\",\"item\":\"https:\/\/kreaticx.online\/digital-hub\/\"},{\"@type\":\"ListItem\",\"position\":3,\"name\":\"Artist Portfolio Website\"}]},{\"@type\":\"WebSite\",\"@id\":\"https:\/\/kreaticx.online\/#website\",\"url\":\"https:\/\/kreaticx.online\/\",\"name\":\"Kreaticx\",\"description\":\"Driven by Knowledge, Powered by Experience\",\"publisher\":{\"@id\":\"https:\/\/kreaticx.online\/#organization\"},\"potentialAction\":[{\"@type\":\"SearchAction\",\"target\":{\"@type\":\"EntryPoint\",\"urlTemplate\":\"https:\/\/kreaticx.online\/?s={search_term_string}\"},\"query-input\":{\"@type\":\"PropertyValueSpecification\",\"valueRequired\":true,\"valueName\":\"search_term_string\"}}],\"inLanguage\":\"fr-FR\"},{\"@type\":[\"Organization\",\"Place\"],\"@id\":\"https:\/\/kreaticx.online\/#organization\",\"name\":\"Kreaticx\",\"url\":\"https:\/\/kreaticx.online\/\",\"logo\":{\"@id\":\"https:\/\/kreaticx.online\/zh\/product\/artist-portfolio-website\/#local-main-organization-logo\"},\"image\":{\"@id\":\"https:\/\/kreaticx.online\/zh\/product\/artist-portfolio-website\/#local-main-organization-logo\"},\"description\":\"By combining creativity, technology, and strategic thinking, we help businesses evolve beyond their current boundaries. Where innovative and high-potential business opportunities await discovery, we are your partners.\",\"hasMerchantReturnPolicy\":{\"@type\":\"MerchantReturnPolicy\",\"merchantReturnLink\":\"https:\/\/kreaticx.online\/fr\/politique-des-services\/\"},\"address\":{\"@id\":\"https:\/\/kreaticx.online\/zh\/product\/artist-portfolio-website\/#local-main-place-address\"},\"telephone\":[\"+8618329076163\"],\"contactPoint\":{\"@type\":\"ContactPoint\",\"email\":\"contact@kreaticx.com\"},\"openingHoursSpecification\":{\"@type\":\"OpeningHoursSpecification\",\"dayOfWeek\":[\"Monday\",\"Tuesday\",\"Wednesday\",\"Thursday\",\"Friday\",\"Saturday\",\"Sunday\"],\"opens\":\"00:00\",\"closes\":\"23:59\"},\"email\":\"contact@kreaticx.com\"},{\"@type\":\"PostalAddress\",\"@id\":\"https:\/\/kreaticx.online\/zh\/product\/artist-portfolio-website\/#local-main-place-address\",\"streetAddress\":\"TONG XIN ROAD N200 N204\",\"addressLocality\":\"JINHUA\",\"postalCode\":\"321000\",\"addressRegion\":\"Zhejiang\",\"addressCountry\":\"CN\"},{\"@type\":\"ImageObject\",\"inLanguage\":\"fr-FR\",\"@id\":\"https:\/\/kreaticx.online\/zh\/product\/artist-portfolio-website\/#local-main-organization-logo\",\"url\":\"https:\/\/kreaticx.online\/wp-content\/uploads\/2025\/07\/cropped-Kreaticx-FAV-1.webp\",\"contentUrl\":\"https:\/\/kreaticx.online\/wp-content\/uploads\/2025\/07\/cropped-Kreaticx-FAV-1.webp\",\"width\":512,\"height\":512,\"caption\":\"Kreaticx\"}]}<\/script>\n<meta property=\"product:price:amount\" content=\"0.90\" \/>\n<meta property=\"product:price:currency\" content=\"CNY\" \/>\n<meta property=\"og:availability\" content=\"instock\" \/>\n<meta property=\"product:availability\" content=\"instock\" \/>\n<meta property=\"product:condition\" content=\"new\" \/>\n<meta name=\"geo.placename\" content=\"JINHUA\" \/>\n<meta name=\"geo.region\" content=\"Chine\" \/>\n<!-- \/ Yoast SEO Premium plugin. -->","yoast_head_json":{"title":"Portefeuille d'artistes - Kreaticx","robots":{"index":"index","follow":"follow","max-snippet":"max-snippet:-1","max-image-preview":"max-image-preview:large","max-video-preview":"max-video-preview:-1"},"canonical":"https:\/\/kreaticx.online\/fr\/produit\/site-web-de-portfolio-dartiste\/","og_locale":"fr_FR","og_type":"article","og_title":"Artist Portfolio Website","og_description":"Custom artist portfolio websites designed to showcase your work, style, and story\u2014built to impress and attract opportunities.","og_url":"https:\/\/kreaticx.online\/fr\/produit\/site-web-de-portfolio-dartiste\/","og_site_name":"Kreaticx","article_modified_time":"2025-07-09T11:40:56+00:00","og_image":[{"width":1080,"height":1080,"url":"https:\/\/kreaticx.online\/wp-content\/uploads\/2024\/03\/17-1.webp","type":"image\/webp"}],"twitter_card":"summary_large_image","twitter_misc":{"Prix":"&yen;0.90","Disponibilit\u00e9":"En stock"},"schema":{"@context":"https:\/\/schema.org","@graph":[{"@type":"WebPage","@id":"https:\/\/kreaticx.online\/zh\/product\/artist-portfolio-website\/","url":"https:\/\/kreaticx.online\/zh\/product\/artist-portfolio-website\/","name":"Portefeuille d'artistes - Kreaticx","isPartOf":{"@id":"https:\/\/kreaticx.online\/#website"},"primaryImageOfPage":{"@id":"https:\/\/kreaticx.online\/zh\/product\/artist-portfolio-website\/#primaryimage"},"image":{"@id":"https:\/\/kreaticx.online\/zh\/product\/artist-portfolio-website\/#primaryimage"},"thumbnailUrl":"https:\/\/kreaticx.online\/wp-content\/uploads\/2024\/03\/17-1.webp","datePublished":"2024-03-28T08:13:14+00:00","dateModified":"2025-07-09T11:40:56+00:00","breadcrumb":{"@id":"https:\/\/kreaticx.online\/zh\/product\/artist-portfolio-website\/#breadcrumb"},"inLanguage":"fr-FR","potentialAction":[{"@type":"ReadAction","target":["https:\/\/kreaticx.online\/zh\/product\/artist-portfolio-website\/"]}]},{"@type":"ImageObject","inLanguage":"fr-FR","@id":"https:\/\/kreaticx.online\/zh\/product\/artist-portfolio-website\/#primaryimage","url":"https:\/\/kreaticx.online\/wp-content\/uploads\/2024\/03\/17-1.webp","contentUrl":"https:\/\/kreaticx.online\/wp-content\/uploads\/2024\/03\/17-1.webp","width":1080,"height":1080},{"@type":"BreadcrumbList","@id":"https:\/\/kreaticx.online\/zh\/product\/artist-portfolio-website\/#breadcrumb","itemListElement":[{"@type":"ListItem","position":1,"name":"Home","item":"https:\/\/kreaticx.online\/"},{"@type":"ListItem","position":2,"name":"Digital Hub","item":"https:\/\/kreaticx.online\/digital-hub\/"},{"@type":"ListItem","position":3,"name":"Artist Portfolio Website"}]},{"@type":"WebSite","@id":"https:\/\/kreaticx.online\/#website","url":"https:\/\/kreaticx.online\/","name":"Kreaticx","description":"La connaissance au service de l'exp\u00e9rience","publisher":{"@id":"https:\/\/kreaticx.online\/#organization"},"potentialAction":[{"@type":"SearchAction","target":{"@type":"EntryPoint","urlTemplate":"https:\/\/kreaticx.online\/?s={search_term_string}"},"query-input":{"@type":"PropertyValueSpecification","valueRequired":true,"valueName":"search_term_string"}}],"inLanguage":"fr-FR"},{"@type":["Organization","Place"],"@id":"https:\/\/kreaticx.online\/#organization","name":"Kreaticx","url":"https:\/\/kreaticx.online\/","logo":{"@id":"https:\/\/kreaticx.online\/zh\/product\/artist-portfolio-website\/#local-main-organization-logo"},"image":{"@id":"https:\/\/kreaticx.online\/zh\/product\/artist-portfolio-website\/#local-main-organization-logo"},"description":"En combinant cr\u00e9ativit\u00e9, technologie et r\u00e9flexion strat\u00e9gique, nous aidons les entreprises \u00e0 \u00e9voluer au-del\u00e0 de leurs limites actuelles. L\u00e0 o\u00f9 des opportunit\u00e9s commerciales innovantes et \u00e0 fort potentiel attendent d'\u00eatre d\u00e9couvertes, nous sommes vos partenaires.","hasMerchantReturnPolicy":{"@type":"MerchantReturnPolicy","merchantReturnLink":"https:\/\/kreaticx.online\/fr\/politique-des-services\/"},"address":{"@id":"https:\/\/kreaticx.online\/zh\/product\/artist-portfolio-website\/#local-main-place-address"},"telephone":["+8618329076163"],"contactPoint":{"@type":"ContactPoint","email":"contact@kreaticx.com"},"openingHoursSpecification":{"@type":"OpeningHoursSpecification","dayOfWeek":["Monday","Tuesday","Wednesday","Thursday","Friday","Saturday","Sunday"],"opens":"00:00","closes":"23:59"},"email":"contact@kreaticx.com"},{"@type":"PostalAddress","@id":"https:\/\/kreaticx.online\/zh\/product\/artist-portfolio-website\/#local-main-place-address","streetAddress":"TONG XIN ROAD N200 N204","addressLocality":"JINHUA","postalCode":"321000","addressRegion":"Zhejiang","addressCountry":"CN"},{"@type":"ImageObject","inLanguage":"fr-FR","@id":"https:\/\/kreaticx.online\/zh\/product\/artist-portfolio-website\/#local-main-organization-logo","url":"https:\/\/kreaticx.online\/wp-content\/uploads\/2025\/07\/cropped-Kreaticx-FAV-1.webp","contentUrl":"https:\/\/kreaticx.online\/wp-content\/uploads\/2025\/07\/cropped-Kreaticx-FAV-1.webp","width":512,"height":512,"caption":"Kreaticx"}]},"product_price_amount":"0.90","product_price_currency":"CNY","og_availability":"instock","product_availability":"instock","product_condition":"new","geo.placename":"JINHUA","geo.region":"Chine"},"_links":{"self":[{"href":"https:\/\/kreaticx.online\/fr\/wp-json\/wp\/v2\/product\/543","targetHints":{"allow":["GET"]}}],"collection":[{"href":"https:\/\/kreaticx.online\/fr\/wp-json\/wp\/v2\/product"}],"about":[{"href":"https:\/\/kreaticx.online\/fr\/wp-json\/wp\/v2\/types\/product"}],"replies":[{"embeddable":true,"href":"https:\/\/kreaticx.online\/fr\/wp-json\/wp\/v2\/comments?post=543"}],"version-history":[{"count":3,"href":"https:\/\/kreaticx.online\/fr\/wp-json\/wp\/v2\/product\/543\/revisions"}],"predecessor-version":[{"id":4279,"href":"https:\/\/kreaticx.online\/fr\/wp-json\/wp\/v2\/product\/543\/revisions\/4279"}],"wp:featuredmedia":[{"embeddable":true,"href":"https:\/\/kreaticx.online\/fr\/wp-json\/wp\/v2\/media\/4260"}],"wp:attachment":[{"href":"https:\/\/kreaticx.online\/fr\/wp-json\/wp\/v2\/media?parent=543"}],"wp:term":[{"taxonomy":"product_brand","embeddable":true,"href":"https:\/\/kreaticx.online\/fr\/wp-json\/wp\/v2\/product_brand?post=543"},{"taxonomy":"product_cat","embeddable":true,"href":"https:\/\/kreaticx.online\/fr\/wp-json\/wp\/v2\/product_cat?post=543"},{"taxonomy":"product_tag","embeddable":true,"href":"https:\/\/kreaticx.online\/fr\/wp-json\/wp\/v2\/product_tag?post=543"}],"curies":[{"name":"wp","href":"https:\/\/api.w.org\/{rel}","templated":true}]}}