{"id":434,"date":"2024-03-21T13:07:26","date_gmt":"2024-03-21T13:07:26","guid":{"rendered":"https:\/\/startersites.io\/blocksy\/pottery\/?post_type=product&#038;p=434"},"modified":"2025-07-09T11:48:06","modified_gmt":"2025-07-09T11:48:06","slug":"pack-de-conception-de-papeterie","status":"publish","type":"product","link":"https:\/\/kreaticx.online\/fr\/produit\/pack-de-conception-de-papeterie\/","title":{"rendered":"Pack de conception de papeterie"},"content":{"rendered":"<h3>PACK DESIGN STATIONNAIRE<\/h3>\n<p>Nous fournissons un <strong data-start=\"355\" data-end=\"390\">Pack complet d'articles de papeterie<\/strong> pour donner \u00e0 votre marque une pr\u00e9sence professionnelle et soign\u00e9e dans toutes vos communications professionnelles. Ce pack comprend des conceptions personnalis\u00e9es pour les \u00e9l\u00e9ments essentiels tels que les cartes de visite, les en-t\u00eates de lettres, les enveloppes, les chemises, les blocs-notes, et bien d'autres encore, en parfaite ad\u00e9quation avec l'identit\u00e9 de votre marque.<\/p>\n<p>Le pack contient :<\/p>\n<ul>\n<li data-start=\"130\" data-end=\"231\">\n<p data-start=\"133\" data-end=\"231\"><strong data-start=\"133\" data-end=\"157\">Conception de cartes de visite<\/strong><br data-start=\"157\" data-end=\"160\" \/>Mise en page recto et verso personnalis\u00e9e avec votre logo et vos coordonn\u00e9es.<\/p>\n<\/li>\n<li data-start=\"233\" data-end=\"324\">\n<p data-start=\"236\" data-end=\"324\"><strong data-start=\"236\" data-end=\"257\">Conception du papier \u00e0 en-t\u00eate<\/strong><br data-start=\"257\" data-end=\"260\" \/>En-t\u00eate\/pied de page professionnel avec l'identit\u00e9 de votre marque.<\/p>\n<\/li>\n<li data-start=\"326\" data-end=\"406\">\n<p data-start=\"329\" data-end=\"406\"><strong data-start=\"329\" data-end=\"348\">Conception d'enveloppes<\/strong><br data-start=\"348\" data-end=\"351\" \/>Mise en page d'une enveloppe \u00e0 l'effigie de la marque pour la communication d'entreprise.<\/p>\n<\/li>\n<li data-start=\"408\" data-end=\"504\">\n<p data-start=\"411\" data-end=\"504\"><strong data-start=\"411\" data-end=\"437\">Compliment Slip Design<\/strong><br data-start=\"437\" data-end=\"440\" \/>Carte simple et \u00e9l\u00e9gante pour accompagner des documents ou des paquets.<\/p>\n<\/li>\n<li data-start=\"506\" data-end=\"609\">\n<p data-start=\"509\" data-end=\"609\"><strong data-start=\"509\" data-end=\"539\">Conception de pochettes de pr\u00e9sentation<\/strong><br data-start=\"539\" data-end=\"542\" \/>Chemise de marque pour l'organisation et la pr\u00e9sentation de documents professionnels.<\/p>\n<\/li>\n<li data-start=\"611\" data-end=\"693\">\n<p data-start=\"614\" data-end=\"693\"><strong data-start=\"614\" data-end=\"632\">Conception du bloc-notes<\/strong><br data-start=\"632\" data-end=\"635\" \/>Mise en page personnalis\u00e9e pour la prise de notes de marque et l'utilisation interne.<\/p>\n<\/li>\n<li data-start=\"695\" data-end=\"786\">\n<p data-start=\"698\" data-end=\"786\"><strong data-start=\"698\" data-end=\"725\">Mod\u00e8le de facture<\/strong><br data-start=\"725\" data-end=\"728\" \/>Format de facture \u00e9l\u00e9gant et facile \u00e0 utiliser pour la facturation des clients.<\/p>\n<\/li>\n<li data-start=\"788\" data-end=\"887\">\n<p data-start=\"791\" data-end=\"887\"><strong data-start=\"791\" data-end=\"820\">Mod\u00e8le de devis<\/strong><br data-start=\"820\" data-end=\"823\" \/>Format de marque pour l'envoi d'offres de prix ou d'estimations de projets.<\/p>\n<\/li>\n<li data-start=\"889\" data-end=\"988\">\n<p data-start=\"892\" data-end=\"988\"><strong data-start=\"892\" data-end=\"918\">Conception de la signature du courrier \u00e9lectronique<\/strong><br data-start=\"918\" data-end=\"921\" \/>Signature propre et cliquable pour une communication professionnelle par courrier \u00e9lectronique.<\/p>\n<\/li>\n<li data-start=\"990\" data-end=\"1080\">\n<p data-start=\"994\" data-end=\"1080\"><strong data-start=\"994\" data-end=\"1020\">Conception de cartes d'identit\u00e9 et de badges<\/strong><br data-start=\"1020\" data-end=\"1023\" \/>Design personnalis\u00e9 pour l'identification du personnel ou de l'\u00e9v\u00e9nement.<\/p>\n<\/li>\n<li data-start=\"1082\" data-end=\"1182\">\n<p data-start=\"1086\" data-end=\"1182\"><strong data-start=\"1086\" data-end=\"1124\">Couverture de dossier \/ Couverture de document<\/strong><br data-start=\"1124\" data-end=\"1127\" \/>Page de garde \u00e0 l'effigie de la marque pour les rapports imprim\u00e9s ou les propositions.<\/p>\n<\/li>\n<li data-start=\"1184\" data-end=\"1291\">\n<p data-start=\"1188\" data-end=\"1291\"><strong data-start=\"1188\" data-end=\"1224\">Carte de remerciement \/ carte postale<\/strong><br data-start=\"1224\" data-end=\"1227\" \/>Carte de marque optionnelle pour l'appr\u00e9ciation ou la promotion des clients.<\/p>\n<\/li>\n<\/ul>\n<p>&nbsp;<\/p>\n<h3>COMMENT \u00c7A MARCHE ?<\/h3>\n<ul>\n<li><span class=\"ekit-stylish-list-content-title\">Passez votre commande : <\/span><span class=\"ekit-stylish-list-content-description\">Soumettez votre commande par l'interm\u00e9diaire de notre magasin - Aucun paiement initial n'est requis.<\/span><\/li>\n<li><span class=\"ekit-stylish-list-content-title\">Consultation et confirmation : <\/span><span class=\"ekit-stylish-list-content-description\">Nous vous contacterons pour comprendre votre projet et vos besoins.<\/span><\/li>\n<li><span class=\"ekit-stylish-list-content-title\">Ex\u00e9cution du projet : <\/span><span class=\"ekit-stylish-list-content-description\">Une fois que tout est clair, nous commen\u00e7ons \u00e0 travailler sur la base de vos besoins sp\u00e9cifiques.<\/span><\/li>\n<li><span class=\"ekit-stylish-list-content-title\">Livraison et paiement final : <\/span><span class=\"ekit-stylish-list-content-description\">Une fois le projet achev\u00e9 et approuv\u00e9, nous le livrons et en assurons le suivi.<\/span><\/li>\n<\/ul>\n<h3><strong>CONTACTS :<\/strong><\/h3>\n<ul>\n<li>T\u00e9l\u00e9phone et Wechat : 18329076163<\/li>\n<li>Courriel : Contact@kreaticx.com<\/li>\n<\/ul>","protected":false},"excerpt":{"rendered":"<p>Pack de conception de papeterie personnalis\u00e9e comprenant des cartes de visite, des en-t\u00eates de lettres, des enveloppes, et bien plus encore - am\u00e9liorez la pr\u00e9sence de votre marque avec coh\u00e9rence.<\/p>","protected":false},"featured_media":4246,"comment_status":"open","ping_status":"closed","template":"","meta":[],"product_brand":[],"product_cat":[33,63],"product_tag":[],"class_list":{"0":"post-434","1":"product","2":"type-product","3":"status-publish","4":"has-post-thumbnail","6":"product_cat-branding-design","7":"product_cat-marketing","9":"first","10":"instock","11":"shipping-taxable","12":"purchasable","13":"product-type-simple"},"yoast_head":"<!-- This site is optimized with the Yoast SEO Premium plugin v25.1 (Yoast SEO v26.2) - https:\/\/yoast.com\/wordpress\/plugins\/seo\/ -->\n<title>Stationery Design Pack - Kreaticx<\/title>\n<meta name=\"robots\" content=\"index, follow, max-snippet:-1, max-image-preview:large, max-video-preview:-1\" \/>\n<link rel=\"canonical\" href=\"https:\/\/kreaticx.online\/fr\/produit\/pack-de-conception-de-papeterie\/\" \/>\n<meta property=\"og:locale\" content=\"fr_FR\" \/>\n<meta property=\"og:type\" content=\"article\" \/>\n<meta property=\"og:title\" content=\"Stationery Design Pack\" \/>\n<meta property=\"og:description\" content=\"Custom stationery design pack that includes branded business cards, letterheads, envelopes, and more\u2014elevate your brand presence with consistency.\" \/>\n<meta property=\"og:url\" content=\"https:\/\/kreaticx.online\/fr\/produit\/pack-de-conception-de-papeterie\/\" \/>\n<meta property=\"og:site_name\" content=\"Kreaticx\" \/>\n<meta property=\"article:modified_time\" content=\"2025-07-09T11:48:06+00:00\" \/>\n<meta property=\"og:image\" content=\"https:\/\/kreaticx.online\/wp-content\/uploads\/2024\/03\/9-1.webp\" \/>\n\t<meta property=\"og:image:width\" content=\"1080\" \/>\n\t<meta property=\"og:image:height\" content=\"1080\" \/>\n\t<meta property=\"og:image:type\" content=\"image\/webp\" \/>\n<meta name=\"twitter:card\" content=\"summary_large_image\" \/>\n<meta name=\"twitter:label1\" content=\"Prix\" \/>\n\t<meta name=\"twitter:data1\" content=\"&yen;0.90\" \/>\n\t<meta name=\"twitter:label2\" content=\"Disponibilit\u00e9\" \/>\n\t<meta name=\"twitter:data2\" content=\"En stock\" \/>\n<script type=\"application\/ld+json\" class=\"yoast-schema-graph\">{\"@context\":\"https:\/\/schema.org\",\"@graph\":[{\"@type\":\"WebPage\",\"@id\":\"https:\/\/kreaticx.online\/product\/stationery-design-pack\/\",\"url\":\"https:\/\/kreaticx.online\/product\/stationery-design-pack\/\",\"name\":\"Stationery Design Pack - Kreaticx\",\"isPartOf\":{\"@id\":\"https:\/\/kreaticx.online\/#website\"},\"primaryImageOfPage\":{\"@id\":\"https:\/\/kreaticx.online\/product\/stationery-design-pack\/#primaryimage\"},\"image\":{\"@id\":\"https:\/\/kreaticx.online\/product\/stationery-design-pack\/#primaryimage\"},\"thumbnailUrl\":\"https:\/\/kreaticx.online\/wp-content\/uploads\/2024\/03\/9-1.webp\",\"datePublished\":\"2024-03-21T13:07:26+00:00\",\"dateModified\":\"2025-07-09T11:48:06+00:00\",\"breadcrumb\":{\"@id\":\"https:\/\/kreaticx.online\/product\/stationery-design-pack\/#breadcrumb\"},\"inLanguage\":\"fr-FR\",\"potentialAction\":[{\"@type\":\"ReadAction\",\"target\":[\"https:\/\/kreaticx.online\/product\/stationery-design-pack\/\"]}]},{\"@type\":\"ImageObject\",\"inLanguage\":\"fr-FR\",\"@id\":\"https:\/\/kreaticx.online\/product\/stationery-design-pack\/#primaryimage\",\"url\":\"https:\/\/kreaticx.online\/wp-content\/uploads\/2024\/03\/9-1.webp\",\"contentUrl\":\"https:\/\/kreaticx.online\/wp-content\/uploads\/2024\/03\/9-1.webp\",\"width\":1080,\"height\":1080},{\"@type\":\"BreadcrumbList\",\"@id\":\"https:\/\/kreaticx.online\/product\/stationery-design-pack\/#breadcrumb\",\"itemListElement\":[{\"@type\":\"ListItem\",\"position\":1,\"name\":\"Home\",\"item\":\"https:\/\/kreaticx.online\/\"},{\"@type\":\"ListItem\",\"position\":2,\"name\":\"Digital Hub\",\"item\":\"https:\/\/kreaticx.online\/digital-hub\/\"},{\"@type\":\"ListItem\",\"position\":3,\"name\":\"Stationery Design Pack\"}]},{\"@type\":\"WebSite\",\"@id\":\"https:\/\/kreaticx.online\/#website\",\"url\":\"https:\/\/kreaticx.online\/\",\"name\":\"Kreaticx\",\"description\":\"Driven by Knowledge, Powered by Experience\",\"publisher\":{\"@id\":\"https:\/\/kreaticx.online\/#organization\"},\"potentialAction\":[{\"@type\":\"SearchAction\",\"target\":{\"@type\":\"EntryPoint\",\"urlTemplate\":\"https:\/\/kreaticx.online\/?s={search_term_string}\"},\"query-input\":{\"@type\":\"PropertyValueSpecification\",\"valueRequired\":true,\"valueName\":\"search_term_string\"}}],\"inLanguage\":\"fr-FR\"},{\"@type\":[\"Organization\",\"Place\"],\"@id\":\"https:\/\/kreaticx.online\/#organization\",\"name\":\"Kreaticx\",\"url\":\"https:\/\/kreaticx.online\/\",\"logo\":{\"@id\":\"https:\/\/kreaticx.online\/product\/stationery-design-pack\/#local-main-organization-logo\"},\"image\":{\"@id\":\"https:\/\/kreaticx.online\/product\/stationery-design-pack\/#local-main-organization-logo\"},\"description\":\"By combining creativity, technology, and strategic thinking, we help businesses evolve beyond their current boundaries. Where innovative and high-potential business opportunities await discovery, we are your partners.\",\"hasMerchantReturnPolicy\":{\"@type\":\"MerchantReturnPolicy\",\"merchantReturnLink\":\"https:\/\/kreaticx.online\/fr\/politique-des-services\/\"},\"address\":{\"@id\":\"https:\/\/kreaticx.online\/product\/stationery-design-pack\/#local-main-place-address\"},\"telephone\":[\"+8618329076163\"],\"contactPoint\":{\"@type\":\"ContactPoint\",\"email\":\"contact@kreaticx.com\"},\"openingHoursSpecification\":{\"@type\":\"OpeningHoursSpecification\",\"dayOfWeek\":[\"Monday\",\"Tuesday\",\"Wednesday\",\"Thursday\",\"Friday\",\"Saturday\",\"Sunday\"],\"opens\":\"00:00\",\"closes\":\"23:59\"},\"email\":\"contact@kreaticx.com\"},{\"@type\":\"PostalAddress\",\"@id\":\"https:\/\/kreaticx.online\/product\/stationery-design-pack\/#local-main-place-address\",\"streetAddress\":\"TONG XIN ROAD N200 N204\",\"addressLocality\":\"JINHUA\",\"postalCode\":\"321000\",\"addressRegion\":\"Zhejiang\",\"addressCountry\":\"CN\"},{\"@type\":\"ImageObject\",\"inLanguage\":\"fr-FR\",\"@id\":\"https:\/\/kreaticx.online\/product\/stationery-design-pack\/#local-main-organization-logo\",\"url\":\"https:\/\/kreaticx.online\/wp-content\/uploads\/2025\/07\/cropped-Kreaticx-FAV-1.webp\",\"contentUrl\":\"https:\/\/kreaticx.online\/wp-content\/uploads\/2025\/07\/cropped-Kreaticx-FAV-1.webp\",\"width\":512,\"height\":512,\"caption\":\"Kreaticx\"}]}<\/script>\n<meta property=\"product:price:amount\" content=\"0.90\" \/>\n<meta property=\"product:price:currency\" content=\"CNY\" \/>\n<meta property=\"og:availability\" content=\"instock\" \/>\n<meta property=\"product:availability\" content=\"instock\" \/>\n<meta property=\"product:condition\" content=\"new\" \/>\n<meta name=\"geo.placename\" content=\"JINHUA\" \/>\n<meta name=\"geo.region\" content=\"Chine\" \/>\n<!-- \/ Yoast SEO Premium plugin. -->","yoast_head_json":{"title":"Pack de design de papeterie - Kreaticx","robots":{"index":"index","follow":"follow","max-snippet":"max-snippet:-1","max-image-preview":"max-image-preview:large","max-video-preview":"max-video-preview:-1"},"canonical":"https:\/\/kreaticx.online\/fr\/produit\/pack-de-conception-de-papeterie\/","og_locale":"fr_FR","og_type":"article","og_title":"Stationery Design Pack","og_description":"Custom stationery design pack that includes branded business cards, letterheads, envelopes, and more\u2014elevate your brand presence with consistency.","og_url":"https:\/\/kreaticx.online\/fr\/produit\/pack-de-conception-de-papeterie\/","og_site_name":"Kreaticx","article_modified_time":"2025-07-09T11:48:06+00:00","og_image":[{"width":1080,"height":1080,"url":"https:\/\/kreaticx.online\/wp-content\/uploads\/2024\/03\/9-1.webp","type":"image\/webp"}],"twitter_card":"summary_large_image","twitter_misc":{"Prix":"&yen;0.90","Disponibilit\u00e9":"En stock"},"schema":{"@context":"https:\/\/schema.org","@graph":[{"@type":"WebPage","@id":"https:\/\/kreaticx.online\/product\/stationery-design-pack\/","url":"https:\/\/kreaticx.online\/product\/stationery-design-pack\/","name":"Pack de design de papeterie - Kreaticx","isPartOf":{"@id":"https:\/\/kreaticx.online\/#website"},"primaryImageOfPage":{"@id":"https:\/\/kreaticx.online\/product\/stationery-design-pack\/#primaryimage"},"image":{"@id":"https:\/\/kreaticx.online\/product\/stationery-design-pack\/#primaryimage"},"thumbnailUrl":"https:\/\/kreaticx.online\/wp-content\/uploads\/2024\/03\/9-1.webp","datePublished":"2024-03-21T13:07:26+00:00","dateModified":"2025-07-09T11:48:06+00:00","breadcrumb":{"@id":"https:\/\/kreaticx.online\/product\/stationery-design-pack\/#breadcrumb"},"inLanguage":"fr-FR","potentialAction":[{"@type":"ReadAction","target":["https:\/\/kreaticx.online\/product\/stationery-design-pack\/"]}]},{"@type":"ImageObject","inLanguage":"fr-FR","@id":"https:\/\/kreaticx.online\/product\/stationery-design-pack\/#primaryimage","url":"https:\/\/kreaticx.online\/wp-content\/uploads\/2024\/03\/9-1.webp","contentUrl":"https:\/\/kreaticx.online\/wp-content\/uploads\/2024\/03\/9-1.webp","width":1080,"height":1080},{"@type":"BreadcrumbList","@id":"https:\/\/kreaticx.online\/product\/stationery-design-pack\/#breadcrumb","itemListElement":[{"@type":"ListItem","position":1,"name":"Home","item":"https:\/\/kreaticx.online\/"},{"@type":"ListItem","position":2,"name":"Digital Hub","item":"https:\/\/kreaticx.online\/digital-hub\/"},{"@type":"ListItem","position":3,"name":"Stationery Design Pack"}]},{"@type":"WebSite","@id":"https:\/\/kreaticx.online\/#website","url":"https:\/\/kreaticx.online\/","name":"Kreaticx","description":"La connaissance au service de l'exp\u00e9rience","publisher":{"@id":"https:\/\/kreaticx.online\/#organization"},"potentialAction":[{"@type":"SearchAction","target":{"@type":"EntryPoint","urlTemplate":"https:\/\/kreaticx.online\/?s={search_term_string}"},"query-input":{"@type":"PropertyValueSpecification","valueRequired":true,"valueName":"search_term_string"}}],"inLanguage":"fr-FR"},{"@type":["Organization","Place"],"@id":"https:\/\/kreaticx.online\/#organization","name":"Kreaticx","url":"https:\/\/kreaticx.online\/","logo":{"@id":"https:\/\/kreaticx.online\/product\/stationery-design-pack\/#local-main-organization-logo"},"image":{"@id":"https:\/\/kreaticx.online\/product\/stationery-design-pack\/#local-main-organization-logo"},"description":"En combinant cr\u00e9ativit\u00e9, technologie et r\u00e9flexion strat\u00e9gique, nous aidons les entreprises \u00e0 \u00e9voluer au-del\u00e0 de leurs limites actuelles. L\u00e0 o\u00f9 des opportunit\u00e9s commerciales innovantes et \u00e0 fort potentiel attendent d'\u00eatre d\u00e9couvertes, nous sommes vos partenaires.","hasMerchantReturnPolicy":{"@type":"MerchantReturnPolicy","merchantReturnLink":"https:\/\/kreaticx.online\/fr\/politique-des-services\/"},"address":{"@id":"https:\/\/kreaticx.online\/product\/stationery-design-pack\/#local-main-place-address"},"telephone":["+8618329076163"],"contactPoint":{"@type":"ContactPoint","email":"contact@kreaticx.com"},"openingHoursSpecification":{"@type":"OpeningHoursSpecification","dayOfWeek":["Monday","Tuesday","Wednesday","Thursday","Friday","Saturday","Sunday"],"opens":"00:00","closes":"23:59"},"email":"contact@kreaticx.com"},{"@type":"PostalAddress","@id":"https:\/\/kreaticx.online\/product\/stationery-design-pack\/#local-main-place-address","streetAddress":"TONG XIN ROAD N200 N204","addressLocality":"JINHUA","postalCode":"321000","addressRegion":"Zhejiang","addressCountry":"CN"},{"@type":"ImageObject","inLanguage":"fr-FR","@id":"https:\/\/kreaticx.online\/product\/stationery-design-pack\/#local-main-organization-logo","url":"https:\/\/kreaticx.online\/wp-content\/uploads\/2025\/07\/cropped-Kreaticx-FAV-1.webp","contentUrl":"https:\/\/kreaticx.online\/wp-content\/uploads\/2025\/07\/cropped-Kreaticx-FAV-1.webp","width":512,"height":512,"caption":"Kreaticx"}]},"product_price_amount":"0.90","product_price_currency":"CNY","og_availability":"instock","product_availability":"instock","product_condition":"new","geo.placename":"JINHUA","geo.region":"Chine"},"_links":{"self":[{"href":"https:\/\/kreaticx.online\/fr\/wp-json\/wp\/v2\/product\/434","targetHints":{"allow":["GET"]}}],"collection":[{"href":"https:\/\/kreaticx.online\/fr\/wp-json\/wp\/v2\/product"}],"about":[{"href":"https:\/\/kreaticx.online\/fr\/wp-json\/wp\/v2\/types\/product"}],"replies":[{"embeddable":true,"href":"https:\/\/kreaticx.online\/fr\/wp-json\/wp\/v2\/comments?post=434"}],"version-history":[{"count":3,"href":"https:\/\/kreaticx.online\/fr\/wp-json\/wp\/v2\/product\/434\/revisions"}],"predecessor-version":[{"id":4283,"href":"https:\/\/kreaticx.online\/fr\/wp-json\/wp\/v2\/product\/434\/revisions\/4283"}],"wp:featuredmedia":[{"embeddable":true,"href":"https:\/\/kreaticx.online\/fr\/wp-json\/wp\/v2\/media\/4246"}],"wp:attachment":[{"href":"https:\/\/kreaticx.online\/fr\/wp-json\/wp\/v2\/media?parent=434"}],"wp:term":[{"taxonomy":"product_brand","embeddable":true,"href":"https:\/\/kreaticx.online\/fr\/wp-json\/wp\/v2\/product_brand?post=434"},{"taxonomy":"product_cat","embeddable":true,"href":"https:\/\/kreaticx.online\/fr\/wp-json\/wp\/v2\/product_cat?post=434"},{"taxonomy":"product_tag","embeddable":true,"href":"https:\/\/kreaticx.online\/fr\/wp-json\/wp\/v2\/product_tag?post=434"}],"curies":[{"name":"wp","href":"https:\/\/api.w.org\/{rel}","templated":true}]}}