{"id":15,"date":"2025-07-05T07:04:24","date_gmt":"2025-07-05T07:04:24","guid":{"rendered":"https:\/\/startersites.io\/blocksy\/pottery\/?page_id=15"},"modified":"2025-07-08T12:04:10","modified_gmt":"2025-07-08T12:04:10","slug":"politique-des-services","status":"publish","type":"page","link":"https:\/\/kreaticx.online\/fr\/politique-des-services\/","title":{"rendered":"Politique des services"},"content":{"rendered":"<div data-elementor-type=\"wp-page\" data-elementor-id=\"15\" class=\"elementor elementor-15\" data-elementor-post-type=\"page\">\n\t\t\t\t<div data-particle_enable=\"false\" data-particle-mobile-disabled=\"false\" class=\"elementor-element elementor-element-549e17cc e-flex e-con-boxed e-con e-parent\" data-id=\"549e17cc\" data-element_type=\"container\" data-settings=\"{&quot;ekit_has_onepagescroll_dot&quot;:&quot;yes&quot;}\">\n\t\t\t\t\t<div class=\"e-con-inner\">\n\t\t\t\t<div class=\"elementor-element elementor-element-75e93aab elementor-widget elementor-widget-text-editor\" data-id=\"75e93aab\" data-element_type=\"widget\" data-settings=\"{&quot;ekit_we_effect_on&quot;:&quot;none&quot;}\" data-widget_type=\"text-editor.default\">\n\t\t\t\t\t\t\t\t\t\n<h3>1. Introduction :<\/h3>\n\n<p>Chez KREATICX, nous sommes fiers de fournir des services d'innovation num\u00e9rique de pointe, y compris le d\u00e9veloppement de sites web et d'applications, la conception de kits de marque, les solutions d'IA et le d\u00e9veloppement de logiciels personnalis\u00e9s. Cette politique d\u00e9crit les principes fondamentaux, les proc\u00e9dures et les lignes directrices qui r\u00e9gissent nos offres de services, garantissant que chaque projet est livr\u00e9 avec les normes les plus \u00e9lev\u00e9es de qualit\u00e9, d'int\u00e9grit\u00e9 et de professionnalisme.<\/p>\n<h3>2. \u00c9tendue des services :<\/h3>\n<p data-start=\"516\" data-end=\"561\">Nos services incluent, mais ne sont pas limit\u00e9s \u00e0 :<\/p>\n<ul data-start=\"563\" data-end=\"1123\">\n<li data-start=\"563\" data-end=\"656\">\n<p data-start=\"565\" data-end=\"656\"><strong data-start=\"565\" data-end=\"588\">D\u00e9veloppement de sites web<\/strong>: Sites web sur mesure adapt\u00e9s aux besoins uniques de chaque client.<\/p>\n<\/li>\n<li data-start=\"563\" data-end=\"656\"><strong>Solutions SEO : <\/strong>Solutions SEO pour augmenter la visibilit\u00e9 des sites web, g\u00e9n\u00e9rer du trafic organique et am\u00e9liorer le classement dans les moteurs de recherche gr\u00e2ce \u00e0 une optimisation strat\u00e9gique et \u00e0 des strat\u00e9gies de contenu.<\/li>\n<li data-start=\"657\" data-end=\"758\">\n<p data-start=\"659\" data-end=\"758\"><strong data-start=\"659\" data-end=\"678\">D\u00e9veloppement d'applications<\/strong>: Des applications mobiles et web innovantes con\u00e7ues pour une exp\u00e9rience utilisateur transparente.<\/p>\n<\/li>\n<li data-start=\"759\" data-end=\"859\">\n<p data-start=\"761\" data-end=\"859\"><strong data-start=\"761\" data-end=\"781\">Conception du kit de marque<\/strong>: Service complet d'image de marque, y compris les logos, les actifs visuels et les lignes directrices de l'image de marque.<\/p>\n<\/li>\n<li data-start=\"860\" data-end=\"979\">\n<p data-start=\"862\" data-end=\"979\"><strong data-start=\"862\" data-end=\"878\">Solutions d'IA<\/strong>: Chatbots d'IA sur mesure, assistants virtuels et autres outils pilot\u00e9s par l'IA pour am\u00e9liorer les op\u00e9rations commerciales.<\/p>\n<\/li>\n<li data-start=\"980\" data-end=\"1123\">\n<p data-start=\"982\" data-end=\"1123\"><strong data-start=\"982\" data-end=\"1013\">D\u00e9veloppement de logiciels sur mesure<\/strong>: Solutions logicielles sur mesure con\u00e7ues pour r\u00e9soudre des probl\u00e8mes professionnels sp\u00e9cifiques et accro\u00eetre l'efficacit\u00e9 op\u00e9rationnelle.<\/p>\n<\/li>\n<\/ul>\n<p data-start=\"1125\" data-end=\"1367\">Pour les projets de grande envergure, nous demandons un contrat formel pour d\u00e9crire les sp\u00e9cificit\u00e9s du projet, les d\u00e9lais et les engagements financiers. Pour les projets plus modestes ou les services de \"conception intelligente de projet\", le contrat peut ne pas \u00eatre n\u00e9cessaire, \u00e0 moins qu'il ne soit explicitement demand\u00e9.<\/p>\n<h3 data-start=\"1125\" data-end=\"1367\">3. Lancement du projet et passation du march\u00e9 :<\/h3>\n<p data-start=\"1421\" data-end=\"1515\">Pour chaque projet, nous suivons un processus rationalis\u00e9 afin de garantir la clart\u00e9 et la compr\u00e9hension mutuelle :<\/p>\n<ul>\n<li data-start=\"1517\" data-end=\"1655\">\n<p data-start=\"1519\" data-end=\"1655\"><strong data-start=\"1519\" data-end=\"1535\">Consultation<\/strong>: Nous commen\u00e7ons par une consultation approfondie pour comprendre les objectifs, les pr\u00e9f\u00e9rences et les exigences techniques du client.<\/p>\n<\/li>\n<li data-start=\"1656\" data-end=\"1800\">\n<p data-start=\"1658\" data-end=\"1800\"><strong data-start=\"1658\" data-end=\"1670\">Proposition<\/strong>: Sur la base de la consultation, nous fournissons une proposition d\u00e9taill\u00e9e d\u00e9crivant les \u00e9l\u00e9ments livrables du projet, les d\u00e9lais, les prix et les modalit\u00e9s de paiement.<\/p>\n<\/li>\n<li data-start=\"1801\" data-end=\"2140\">\n<p data-start=\"1803\" data-end=\"1965\"><strong data-start=\"1803\" data-end=\"1815\">Contrat<\/strong>: Pour les projets plus importants ou plus complexes, nous signerons un contrat d\u00e9taill\u00e9 afin de nous assurer que les deux parties sont d'accord sur les attentes. Le contrat comprendra :<\/p>\n<\/li>\n<li data-start=\"1970\" data-end=\"1983\">Champ d'application<\/li>\n<li data-start=\"1988\" data-end=\"2011\">Calendrier et \u00e9tapes<\/li>\n<li data-start=\"2016\" data-end=\"2029\">Conditions de paiement<\/li>\n<li data-start=\"2034\" data-end=\"2082\">Confidentialit\u00e9 et droits de propri\u00e9t\u00e9 intellectuelle<\/li>\n<li data-start=\"2087\" data-end=\"2106\">Clauses de r\u00e9siliation<\/li>\n<li data-start=\"2111\" data-end=\"2140\">Conditions d'assistance et de maintenance<\/li>\n<\/ul>\n<p data-start=\"2142\" data-end=\"2253\">Pour les services de \"conception de projets intelligents\", un contrat formel n'est g\u00e9n\u00e9ralement pas n\u00e9cessaire, \u00e0 moins que le client ne le pr\u00e9f\u00e8re.<\/p>\n<h3 data-start=\"2142\" data-end=\"2253\">4. Ex\u00e9cution du projet et produits livrables :<\/h3>\n<p data-start=\"2307\" data-end=\"2453\">Une fois le projet approuv\u00e9, KREATICX proc\u00e9dera au d\u00e9veloppement, \u00e0 la conception ou \u00e0 la mise en \u0153uvre comme indiqu\u00e9 dans la proposition ou le contrat :<\/p>\n<ul data-start=\"2455\" data-end=\"2861\">\n<li data-start=\"2455\" data-end=\"2551\">\n<p data-start=\"2457\" data-end=\"2551\"><strong data-start=\"2457\" data-end=\"2473\">Transparence<\/strong>: Tout au long du processus, les clients recevront r\u00e9guli\u00e8rement des mises \u00e0 jour et des informations sur les \u00e9tapes importantes.<\/p>\n<\/li>\n<li data-start=\"2552\" data-end=\"2691\">\n<p data-start=\"2554\" data-end=\"2691\"><strong data-start=\"2554\" data-end=\"2571\">Personnalisation<\/strong>: Toutes les conceptions et tous les d\u00e9veloppements sont adapt\u00e9s aux besoins sp\u00e9cifiques du client, ce qui garantit leur caract\u00e8re unique et leur pertinence.<\/p>\n<\/li>\n<li data-start=\"2692\" data-end=\"2858\">\n<p data-start=\"2694\" data-end=\"2858\"><strong data-start=\"2694\" data-end=\"2711\">Boucle de r\u00e9troaction<\/strong>: Nous restons \u00e0 l'\u00e9coute du client afin de nous assurer que le projet correspond \u00e0 sa vision. Des r\u00e9visions et des ajustements seront effectu\u00e9s si n\u00e9cessaire.<\/p>\n<\/li>\n<\/ul>\n<p data-start=\"2862\" data-end=\"3023\">Dans le cas de logiciels personnalis\u00e9s ou de solutions d'IA, nous collaborons \u00e9troitement avec le client pour nous assurer que la solution est adapt\u00e9e \u00e0 ses besoins et \u00e0 ses objectifs.<\/p>\n<h3 data-start=\"2862\" data-end=\"3023\">5. Conditions de paiement :<\/h3>\n<p data-start=\"3056\" data-end=\"3158\">Nous croyons en des accords financiers clairs et \u00e9quitables, qui seront d\u00e9crits dans la proposition ou le contrat :<\/p>\n<ul data-start=\"3160\" data-end=\"3502\">\n<li data-start=\"3160\" data-end=\"3314\">\n<p data-start=\"3162\" data-end=\"3314\"><strong data-start=\"3162\" data-end=\"3184\">Pour les petits projets<\/strong>: Nous demandons g\u00e9n\u00e9ralement un paiement int\u00e9gral \u00e0 l'avance ou un acompte de 50% avant de commencer le projet, le solde \u00e9tant d\u00fb \u00e0 l'ach\u00e8vement du projet.<\/p>\n<\/li>\n<li data-start=\"3315\" data-end=\"3499\">\n<p data-start=\"3317\" data-end=\"3499\"><strong data-start=\"3317\" data-end=\"3339\">Pour les grands projets<\/strong>: Les calendriers de paiement sont divis\u00e9s en \u00e9tapes, le premier paiement \u00e9tant d\u00fb au d\u00e9but du projet, suivi de paiements ult\u00e9rieurs au fur et \u00e0 mesure que les \u00e9tapes du projet sont franchies.<\/p>\n<\/li>\n<\/ul>\n<p data-start=\"3503\" data-end=\"3593\">Les modes de paiement accept\u00e9s sont le virement bancaire, les plateformes WeChat ou Alipay.<\/p>\n<h3 data-start=\"3503\" data-end=\"3593\">6. Soutien post-projet :<\/h3>\n<p data-start=\"3633\" data-end=\"3772\">Chez KREATICX, nous offrons un support complet \u00e0 nos clients apr\u00e8s la livraison, garantissant la long\u00e9vit\u00e9 et la performance de la solution livr\u00e9e :<\/p>\n<ul data-start=\"3774\" data-end=\"4170\">\n<li data-start=\"3774\" data-end=\"3906\">\n<p data-start=\"3776\" data-end=\"3906\"><strong data-start=\"3776\" data-end=\"3794\">P\u00e9riode de soutien<\/strong>: L'assistance post-projet est disponible pendant 30 jours et comprend les corrections de bogues, les r\u00e9visions mineures et l'assistance g\u00e9n\u00e9rale.<\/p>\n<\/li>\n<li data-start=\"3907\" data-end=\"4036\">\n<p data-start=\"3909\" data-end=\"4036\"><strong data-start=\"3909\" data-end=\"3932\">Maintenance continue<\/strong>: Pour un soutien continu, les clients peuvent opter pour des forfaits de maintenance continue, qui sont factur\u00e9s s\u00e9par\u00e9ment.<\/p>\n<\/li>\n<li data-start=\"4037\" data-end=\"4170\">\n<p data-start=\"4039\" data-end=\"4170\"><strong data-start=\"4039\" data-end=\"4063\">Am\u00e9liorations et mises \u00e0 jour<\/strong>: Les logiciels personnalis\u00e9s et les solutions d'intelligence artificielle seront r\u00e9guli\u00e8rement mis \u00e0 jour pour assurer leur compatibilit\u00e9 avec les nouvelles technologies.<\/p>\n<\/li>\n<\/ul>\n<h3>7. Confidentialit\u00e9 et s\u00e9curit\u00e9 des donn\u00e9es :<\/h3>\n<p data-start=\"4223\" data-end=\"4487\">KREATICX accorde une grande importance \u00e0 la confidentialit\u00e9 et \u00e0 la s\u00e9curit\u00e9 des donn\u00e9es de ses clients. Nous adh\u00e9rons \u00e0 des protocoles stricts de protection des donn\u00e9es et nous veillons \u00e0 ce que toute information sensible partag\u00e9e au cours du projet soit conserv\u00e9e en toute s\u00e9curit\u00e9 et utilis\u00e9e uniquement dans le cadre du projet.<\/p>\n<ul data-start=\"4489\" data-end=\"4745\">\n<li data-start=\"4489\" data-end=\"4621\">\n<p data-start=\"4491\" data-end=\"4621\"><strong data-start=\"4491\" data-end=\"4527\">Accords de non-divulgation (NDA)<\/strong>: Sur demande, nous sommes dispos\u00e9s \u00e0 signer un accord de confidentialit\u00e9 afin de mieux prot\u00e9ger les informations confidentielles.<\/p>\n<\/li>\n<li data-start=\"4622\" data-end=\"4745\">\n<p data-start=\"4624\" data-end=\"4745\"><strong data-start=\"4624\" data-end=\"4643\">Protection des donn\u00e9es<\/strong>: Nous utilisons des pratiques de cryptage et de s\u00e9curit\u00e9 conformes aux normes de l'industrie pour prot\u00e9ger les donn\u00e9es pendant l'ex\u00e9cution du projet.<\/p>\n<\/li>\n<\/ul>\n<h3>8. Droits de propri\u00e9t\u00e9 intellectuelle :<\/h3>\n<ul data-start=\"4793\" data-end=\"5080\">\n<li data-start=\"4793\" data-end=\"4959\">\n<p data-start=\"4795\" data-end=\"4959\"><strong data-start=\"4795\" data-end=\"4808\">Propri\u00e9t\u00e9<\/strong>: Une fois le paiement int\u00e9gral effectu\u00e9, le client est propri\u00e9taire du produit final, y compris les sites web, les applications, les dessins et les logiciels d\u00e9velopp\u00e9s au cours du projet.<\/p>\n<\/li>\n<li data-start=\"4960\" data-end=\"5077\">\n<p data-start=\"4962\" data-end=\"5077\"><strong data-start=\"4962\" data-end=\"4975\">Licences<\/strong>: Pour certains outils ou composants logiciels tiers utilis\u00e9s dans le projet, des conditions de licence peuvent s'appliquer.<\/p>\n<\/li>\n<\/ul>\n<p data-start=\"5081\" data-end=\"5199\">KREATICX se r\u00e9serve le droit de pr\u00e9senter le travail dans des portfolios et du mat\u00e9riel promotionnel, avec l'autorisation du client.<\/p>\n<h3 data-start=\"5081\" data-end=\"5199\">9. Cessation des projets :<\/h3>\n<p data-start=\"5242\" data-end=\"5305\">Chacune des parties peut mettre fin \u00e0 un projet dans des conditions sp\u00e9cifiques :<\/p>\n<ul data-start=\"5307\" data-end=\"5829\">\n<li data-start=\"5307\" data-end=\"5587\">\n<p data-start=\"5309\" data-end=\"5405\"><strong data-start=\"5309\" data-end=\"5331\">R\u00e9siliation du contrat par le client<\/strong>: Si le client souhaite mettre fin au projet, les dispositions suivantes s'appliquent :<\/p>\n<ul data-start=\"5408\" data-end=\"5587\">\n<li data-start=\"5408\" data-end=\"5483\">\n<p data-start=\"5410\" data-end=\"5483\">Le paiement des travaux effectu\u00e9s jusqu'au moment de la r\u00e9siliation est exig\u00e9.<\/p>\n<\/li>\n<li data-start=\"5486\" data-end=\"5587\">\n<p data-start=\"5488\" data-end=\"5587\">Les acomptes ou paiements anticip\u00e9s restants seront rembours\u00e9s selon les termes du contrat.<\/p>\n<\/li>\n<\/ul>\n<\/li>\n<li data-start=\"5589\" data-end=\"5829\">\n<p data-start=\"5591\" data-end=\"5829\"><strong data-start=\"5591\" data-end=\"5615\">KREATICX R\u00e9siliation<\/strong>: Si KREATICX doit mettre fin au projet pour cause de non-paiement, de non-coop\u00e9ration ou d'autres violations de l'accord, le client sera responsable de tous les paiements dus pour le travail effectu\u00e9 jusqu'\u00e0 la fin du projet.<\/p>\n<\/li>\n<\/ul>\n<h3>10. R\u00e9solution des litiges :<\/h3>\n<p data-start=\"5868\" data-end=\"6141\">KREATICX s'efforce de maintenir des relations positives avec tous ses clients. En cas de litige, nous ferons tout notre possible pour r\u00e9soudre le probl\u00e8me \u00e0 l'amiable. Si une r\u00e9solution ne peut \u00eatre trouv\u00e9e par la discussion, les deux parties acceptent de recourir \u00e0 la m\u00e9diation avant d'entamer une action en justice.<\/p>\n<h3 data-start=\"5868\" data-end=\"6141\">11. Responsabilit\u00e9s du client :<\/h3>\n<p data-start=\"6185\" data-end=\"6260\">Afin d'assurer le bon d\u00e9roulement du projet, les clients sont responsables des \u00e9l\u00e9ments suivants :<\/p>\n<ul data-start=\"6262\" data-end=\"6476\">\n<li data-start=\"6262\" data-end=\"6304\">\n<p data-start=\"6264\" data-end=\"6304\">Fournir un retour d'information et des approbations en temps utile.<\/p>\n<\/li>\n<li data-start=\"6305\" data-end=\"6388\">\n<p data-start=\"6307\" data-end=\"6388\">Fournir le contenu, les actifs ou les informations n\u00e9cessaires au projet.<\/p>\n<\/li>\n<li data-start=\"6389\" data-end=\"6476\">\n<p data-start=\"6391\" data-end=\"6476\">S'assurer que tous les logiciels, outils ou licences n\u00e9cessaires sont en place pour le projet.<\/p>\n<\/li>\n<\/ul>\n<h3 data-start=\"6483\" data-end=\"6505\"><strong data-start=\"6487\" data-end=\"6505\">12. Conclusion :<\/strong><\/h3>\n<p>Chez KREATICX, nous nous engageons \u00e0 fournir des solutions num\u00e9riques innovantes et de haute qualit\u00e9 qui favorisent la r\u00e9ussite des entreprises. En suivant les politiques d\u00e9crites ci-dessus, nous nous assurons que chaque projet est ex\u00e9cut\u00e9 de mani\u00e8re efficace, transparente et conforme aux attentes du client.<\/p>\n<p>Pour plus d'informations ou pour lancer un projet avec KREATICX, veuillez nous contacter au +86 183 2907 6163.<\/p>\n\t\t\t\t\t\t\t\t<\/div>\n\t\t\t\t\t<\/div>\n\t\t\t\t<\/div>\n\t\t\t\t<\/div>","protected":false},"excerpt":{"rendered":"<p>1. Introduction: At KREATICX, we pride ourselves on providing cutting-edge digital innovation services, including web and app development, brand kit design, AI solutions, and custom software development. This policy outlines the core principles, procedures, and guidelines that govern our service offerings, ensuring that each project is delivered with the highest standards of quality, integrity, and [&hellip;]<\/p>","protected":false},"author":1,"featured_media":0,"parent":0,"menu_order":0,"comment_status":"closed","ping_status":"closed","template":"","meta":{"footnotes":""},"class_list":["post-15","page","type-page","status-publish","hentry"],"blocksy_meta":[],"yoast_head":"<!-- This site is optimized with the Yoast SEO Premium plugin v25.1 (Yoast SEO v26.2) - https:\/\/yoast.com\/wordpress\/plugins\/seo\/ -->\n<title>Services Policy - Kreaticx<\/title>\n<meta name=\"robots\" content=\"index, follow, max-snippet:-1, max-image-preview:large, max-video-preview:-1\" \/>\n<link rel=\"canonical\" href=\"https:\/\/kreaticx.online\/fr\/politique-des-services\/\" \/>\n<meta property=\"og:locale\" content=\"fr_FR\" \/>\n<meta property=\"og:type\" content=\"article\" \/>\n<meta property=\"og:title\" content=\"Services Policy\" \/>\n<meta property=\"og:description\" content=\"1. Introduction: At KREATICX, we pride ourselves on providing cutting-edge digital innovation services, including web and app development, brand kit design, AI solutions, and custom software development. This policy outlines the core principles, procedures, and guidelines that govern our service offerings, ensuring that each project is delivered with the highest standards of quality, integrity, and [&hellip;]\" \/>\n<meta property=\"og:url\" content=\"https:\/\/kreaticx.online\/fr\/politique-des-services\/\" \/>\n<meta property=\"og:site_name\" content=\"Kreaticx\" \/>\n<meta property=\"article:modified_time\" content=\"2025-07-08T12:04:10+00:00\" \/>\n<meta name=\"twitter:card\" content=\"summary_large_image\" \/>\n<meta name=\"twitter:label1\" content=\"Dur\u00e9e de lecture estim\u00e9e\" \/>\n\t<meta name=\"twitter:data1\" content=\"5 minutes\" \/>\n<script type=\"application\/ld+json\" class=\"yoast-schema-graph\">{\"@context\":\"https:\/\/schema.org\",\"@graph\":[{\"@type\":\"WebPage\",\"@id\":\"https:\/\/kreaticx.online\/fr\/services-policy\/\",\"url\":\"https:\/\/kreaticx.online\/fr\/services-policy\/\",\"name\":\"Services Policy - Kreaticx\",\"isPartOf\":{\"@id\":\"https:\/\/kreaticx.online\/#website\"},\"datePublished\":\"2025-07-05T07:04:24+00:00\",\"dateModified\":\"2025-07-08T12:04:10+00:00\",\"breadcrumb\":{\"@id\":\"https:\/\/kreaticx.online\/fr\/services-policy\/#breadcrumb\"},\"inLanguage\":\"fr-FR\",\"potentialAction\":[{\"@type\":\"ReadAction\",\"target\":[\"https:\/\/kreaticx.online\/fr\/services-policy\/\"]}]},{\"@type\":\"BreadcrumbList\",\"@id\":\"https:\/\/kreaticx.online\/fr\/services-policy\/#breadcrumb\",\"itemListElement\":[{\"@type\":\"ListItem\",\"position\":1,\"name\":\"Home\",\"item\":\"https:\/\/kreaticx.online\/\"},{\"@type\":\"ListItem\",\"position\":2,\"name\":\"Services Policy\"}]},{\"@type\":\"WebSite\",\"@id\":\"https:\/\/kreaticx.online\/#website\",\"url\":\"https:\/\/kreaticx.online\/\",\"name\":\"Kreaticx\",\"description\":\"Driven by Knowledge, Powered by Experience\",\"publisher\":{\"@id\":\"https:\/\/kreaticx.online\/#organization\"},\"potentialAction\":[{\"@type\":\"SearchAction\",\"target\":{\"@type\":\"EntryPoint\",\"urlTemplate\":\"https:\/\/kreaticx.online\/?s={search_term_string}\"},\"query-input\":{\"@type\":\"PropertyValueSpecification\",\"valueRequired\":true,\"valueName\":\"search_term_string\"}}],\"inLanguage\":\"fr-FR\"},{\"@type\":[\"Organization\",\"Place\"],\"@id\":\"https:\/\/kreaticx.online\/#organization\",\"name\":\"Kreaticx\",\"url\":\"https:\/\/kreaticx.online\/\",\"logo\":{\"@id\":\"https:\/\/kreaticx.online\/fr\/services-policy\/#local-main-organization-logo\"},\"image\":{\"@id\":\"https:\/\/kreaticx.online\/fr\/services-policy\/#local-main-organization-logo\"},\"description\":\"By combining creativity, technology, and strategic thinking, we help businesses evolve beyond their current boundaries. Where innovative and high-potential business opportunities await discovery, we are your partners.\",\"hasMerchantReturnPolicy\":{\"@type\":\"MerchantReturnPolicy\",\"merchantReturnLink\":\"https:\/\/kreaticx.online\/fr\/politique-des-services\/\"},\"address\":{\"@id\":\"https:\/\/kreaticx.online\/fr\/services-policy\/#local-main-place-address\"},\"telephone\":[\"+8618329076163\"],\"contactPoint\":{\"@type\":\"ContactPoint\",\"email\":\"contact@kreaticx.com\"},\"openingHoursSpecification\":{\"@type\":\"OpeningHoursSpecification\",\"dayOfWeek\":[\"Monday\",\"Tuesday\",\"Wednesday\",\"Thursday\",\"Friday\",\"Saturday\",\"Sunday\"],\"opens\":\"00:00\",\"closes\":\"23:59\"},\"email\":\"contact@kreaticx.com\"},{\"@type\":\"PostalAddress\",\"@id\":\"https:\/\/kreaticx.online\/fr\/services-policy\/#local-main-place-address\",\"streetAddress\":\"TONG XIN ROAD N200 N204\",\"addressLocality\":\"JINHUA\",\"postalCode\":\"321000\",\"addressRegion\":\"Zhejiang\",\"addressCountry\":\"CN\"},{\"@type\":\"ImageObject\",\"inLanguage\":\"fr-FR\",\"@id\":\"https:\/\/kreaticx.online\/fr\/services-policy\/#local-main-organization-logo\",\"url\":\"https:\/\/kreaticx.online\/wp-content\/uploads\/2025\/07\/cropped-Kreaticx-FAV-1.webp\",\"contentUrl\":\"https:\/\/kreaticx.online\/wp-content\/uploads\/2025\/07\/cropped-Kreaticx-FAV-1.webp\",\"width\":512,\"height\":512,\"caption\":\"Kreaticx\"}]}<\/script>\n<meta name=\"geo.placename\" content=\"JINHUA\" \/>\n<meta name=\"geo.region\" content=\"Chine\" \/>\n<!-- \/ Yoast SEO Premium plugin. -->","yoast_head_json":{"title":"Politique de services - Kreaticx","robots":{"index":"index","follow":"follow","max-snippet":"max-snippet:-1","max-image-preview":"max-image-preview:large","max-video-preview":"max-video-preview:-1"},"canonical":"https:\/\/kreaticx.online\/fr\/politique-des-services\/","og_locale":"fr_FR","og_type":"article","og_title":"Services Policy","og_description":"1. Introduction: At KREATICX, we pride ourselves on providing cutting-edge digital innovation services, including web and app development, brand kit design, AI solutions, and custom software development. This policy outlines the core principles, procedures, and guidelines that govern our service offerings, ensuring that each project is delivered with the highest standards of quality, integrity, and [&hellip;]","og_url":"https:\/\/kreaticx.online\/fr\/politique-des-services\/","og_site_name":"Kreaticx","article_modified_time":"2025-07-08T12:04:10+00:00","twitter_card":"summary_large_image","twitter_misc":{"Dur\u00e9e de lecture estim\u00e9e":"5 minutes"},"schema":{"@context":"https:\/\/schema.org","@graph":[{"@type":"WebPage","@id":"https:\/\/kreaticx.online\/fr\/services-policy\/","url":"https:\/\/kreaticx.online\/fr\/services-policy\/","name":"Politique de services - Kreaticx","isPartOf":{"@id":"https:\/\/kreaticx.online\/#website"},"datePublished":"2025-07-05T07:04:24+00:00","dateModified":"2025-07-08T12:04:10+00:00","breadcrumb":{"@id":"https:\/\/kreaticx.online\/fr\/services-policy\/#breadcrumb"},"inLanguage":"fr-FR","potentialAction":[{"@type":"ReadAction","target":["https:\/\/kreaticx.online\/fr\/services-policy\/"]}]},{"@type":"BreadcrumbList","@id":"https:\/\/kreaticx.online\/fr\/services-policy\/#breadcrumb","itemListElement":[{"@type":"ListItem","position":1,"name":"Home","item":"https:\/\/kreaticx.online\/"},{"@type":"ListItem","position":2,"name":"Services Policy"}]},{"@type":"WebSite","@id":"https:\/\/kreaticx.online\/#website","url":"https:\/\/kreaticx.online\/","name":"Kreaticx","description":"La connaissance au service de l'exp\u00e9rience","publisher":{"@id":"https:\/\/kreaticx.online\/#organization"},"potentialAction":[{"@type":"SearchAction","target":{"@type":"EntryPoint","urlTemplate":"https:\/\/kreaticx.online\/?s={search_term_string}"},"query-input":{"@type":"PropertyValueSpecification","valueRequired":true,"valueName":"search_term_string"}}],"inLanguage":"fr-FR"},{"@type":["Organization","Place"],"@id":"https:\/\/kreaticx.online\/#organization","name":"Kreaticx","url":"https:\/\/kreaticx.online\/","logo":{"@id":"https:\/\/kreaticx.online\/fr\/services-policy\/#local-main-organization-logo"},"image":{"@id":"https:\/\/kreaticx.online\/fr\/services-policy\/#local-main-organization-logo"},"description":"En combinant cr\u00e9ativit\u00e9, technologie et r\u00e9flexion strat\u00e9gique, nous aidons les entreprises \u00e0 \u00e9voluer au-del\u00e0 de leurs limites actuelles. L\u00e0 o\u00f9 des opportunit\u00e9s commerciales innovantes et \u00e0 fort potentiel attendent d'\u00eatre d\u00e9couvertes, nous sommes vos partenaires.","hasMerchantReturnPolicy":{"@type":"MerchantReturnPolicy","merchantReturnLink":"https:\/\/kreaticx.online\/fr\/politique-des-services\/"},"address":{"@id":"https:\/\/kreaticx.online\/fr\/services-policy\/#local-main-place-address"},"telephone":["+8618329076163"],"contactPoint":{"@type":"ContactPoint","email":"contact@kreaticx.com"},"openingHoursSpecification":{"@type":"OpeningHoursSpecification","dayOfWeek":["Monday","Tuesday","Wednesday","Thursday","Friday","Saturday","Sunday"],"opens":"00:00","closes":"23:59"},"email":"contact@kreaticx.com"},{"@type":"PostalAddress","@id":"https:\/\/kreaticx.online\/fr\/services-policy\/#local-main-place-address","streetAddress":"TONG XIN ROAD N200 N204","addressLocality":"JINHUA","postalCode":"321000","addressRegion":"Zhejiang","addressCountry":"CN"},{"@type":"ImageObject","inLanguage":"fr-FR","@id":"https:\/\/kreaticx.online\/fr\/services-policy\/#local-main-organization-logo","url":"https:\/\/kreaticx.online\/wp-content\/uploads\/2025\/07\/cropped-Kreaticx-FAV-1.webp","contentUrl":"https:\/\/kreaticx.online\/wp-content\/uploads\/2025\/07\/cropped-Kreaticx-FAV-1.webp","width":512,"height":512,"caption":"Kreaticx"}]},"geo.placename":"JINHUA","geo.region":"Chine"},"_links":{"self":[{"href":"https:\/\/kreaticx.online\/fr\/wp-json\/wp\/v2\/pages\/15","targetHints":{"allow":["GET"]}}],"collection":[{"href":"https:\/\/kreaticx.online\/fr\/wp-json\/wp\/v2\/pages"}],"about":[{"href":"https:\/\/kreaticx.online\/fr\/wp-json\/wp\/v2\/types\/page"}],"author":[{"embeddable":true,"href":"https:\/\/kreaticx.online\/fr\/wp-json\/wp\/v2\/users\/1"}],"replies":[{"embeddable":true,"href":"https:\/\/kreaticx.online\/fr\/wp-json\/wp\/v2\/comments?post=15"}],"version-history":[{"count":6,"href":"https:\/\/kreaticx.online\/fr\/wp-json\/wp\/v2\/pages\/15\/revisions"}],"predecessor-version":[{"id":4199,"href":"https:\/\/kreaticx.online\/fr\/wp-json\/wp\/v2\/pages\/15\/revisions\/4199"}],"wp:attachment":[{"href":"https:\/\/kreaticx.online\/fr\/wp-json\/wp\/v2\/media?parent=15"}],"curies":[{"name":"wp","href":"https:\/\/api.w.org\/{rel}","templated":true}]}}