{"id":14,"date":"2024-02-22T14:15:51","date_gmt":"2024-02-22T14:15:51","guid":{"rendered":"https:\/\/startersites.io\/blocksy\/pottery\/?page_id=14"},"modified":"2025-07-14T12:54:14","modified_gmt":"2025-07-14T12:54:14","slug":"mon-compte-2","status":"publish","type":"page","link":"https:\/\/kreaticx.online\/fr\/mon-compte-2\/","title":{"rendered":"Mon compte"},"content":{"rendered":"<div data-elementor-type=\"wp-page\" data-elementor-id=\"14\" class=\"elementor elementor-14\" data-elementor-post-type=\"page\">\n\t\t\t\t<div data-particle_enable=\"false\" data-particle-mobile-disabled=\"false\" class=\"elementor-element elementor-element-7cb172bf e-flex e-con-boxed e-con e-parent\" data-id=\"7cb172bf\" data-element_type=\"container\" data-settings=\"{&quot;ekit_has_onepagescroll_dot&quot;:&quot;yes&quot;}\">\n\t\t\t\t\t<div class=\"e-con-inner\">\n\t\t\t\t<div class=\"elementor-element elementor-element-126c37d elementor-widget elementor-widget-text-editor\" data-id=\"126c37d\" data-element_type=\"widget\" data-settings=\"{&quot;ekit_we_effect_on&quot;:&quot;none&quot;}\" data-widget_type=\"text-editor.default\">\n\t\t\t\t\t\t\t\t\t<div class=\"woocommerce ct-woo-unauthorized\">\n<div class=\"woocommerce-notices-wrapper\"><\/div>\n<div class=\"u-columns col2-set\" id=\"customer_login\">\n<div class=\"u-column1 col-1\">\n<h2 data-no-translation=\"\" data-trp-gettext=\"\">Se connecter<\/h2>\n<form class=\"woocommerce-form woocommerce-form-login login\" method=\"post\" novalidate action=\"\">\n<p class=\"woocommerce-form-row woocommerce-form-row--wide form-row form-row-wide\">\n\t\t\t\t<label for=\"username\">Identifiant ou e-mail&nbsp;<span class=\"required\" aria-hidden=\"true\">*<\/span><span class=\"screen-reader-text\" data-no-translation=\"\" data-trp-gettext=\"\">Obligatoire<\/span><\/label><br \/>\n\t\t\t\t<input type=\"text\" class=\"woocommerce-Input woocommerce-Input--text input-text\" name=\"username\" id=\"username\" autocomplete=\"username\" value=\"\" required aria-required=\"true\" \/>\t\t\t<\/p>\n<p class=\"woocommerce-form-row woocommerce-form-row--wide form-row form-row-wide\">\n\t\t\t\t<label for=\"password\">Mot de passe&nbsp;<span class=\"required\" aria-hidden=\"true\">*<\/span><span class=\"screen-reader-text\" data-no-translation=\"\" data-trp-gettext=\"\">Obligatoire<\/span><\/label><br \/>\n\t\t\t\t<input class=\"woocommerce-Input woocommerce-Input--text input-text\" type=\"password\" name=\"password\" id=\"password\" autocomplete=\"current-password\" required aria-required=\"true\" \/>\n\t\t\t<\/p>\n<p class=\"form-row\">\n\t\t\t\t<label class=\"woocommerce-form__label woocommerce-form__label-for-checkbox woocommerce-form-login__rememberme\"><br \/>\n\t\t\t\t\t<input class=\"woocommerce-form__input woocommerce-form__input-checkbox\" name=\"rememberme\" type=\"checkbox\" id=\"rememberme\" value=\"forever\" \/> <span data-no-translation=\"\" data-trp-gettext=\"\">Se souvenir de moi<\/span><br \/>\n\t\t\t\t<\/label><br \/>\n\t\t\t\t<input type=\"hidden\" id=\"woocommerce-login-nonce\" name=\"woocommerce-login-nonce\" value=\"aadbe78ee4\" \/><input type=\"hidden\" name=\"_wp_http_referer\" value=\"\/fr\/wp-json\/wp\/v2\/pages\/14\" \/>\t\t\t\t<button type=\"submit\" class=\"woocommerce-button button woocommerce-form-login__submit\" name=\"login\" value=\"Se connecter\" data-no-translation=\"\" data-trp-gettext=\"\" data-no-translation-value=\"\">Se connecter<\/button>\n\t\t\t<\/p>\n<p class=\"woocommerce-LostPassword lost_password\">\n\t\t\t\t<a href=\"https:\/\/kreaticx.online\/fr\/mon-compte-2\/mot-de-passe-perdu\/\" data-no-translation=\"\" data-trp-gettext=\"\">Mot de passe perdu\u00a0?<\/a>\n\t\t\t<\/p>\n<\/p><input type=\"hidden\" name=\"trp-form-language\" value=\"fr\"\/><\/form>\n<\/p><\/div>\n<div class=\"u-column2 col-2\">\n<h2 data-no-translation=\"\" data-trp-gettext=\"\">S\u2019inscrire<\/h2>\n<form method=\"post\" class=\"woocommerce-form woocommerce-form-register register\" action=\"\"  >\n<p class=\"woocommerce-form-row woocommerce-form-row--wide form-row form-row-wide\">\n\t\t\t\t<label for=\"reg_email\">Adresse e-mail&nbsp;<span class=\"required\" aria-hidden=\"true\">*<\/span><span class=\"screen-reader-text\" data-no-translation=\"\" data-trp-gettext=\"\">Obligatoire<\/span><\/label><br \/>\n\t\t\t\t<input type=\"email\" class=\"woocommerce-Input woocommerce-Input--text input-text\" name=\"email\" id=\"reg_email\" autocomplete=\"email\" value=\"\" required aria-required=\"true\" \/>\t\t\t<\/p>\n<p data-no-translation=\"\" data-trp-gettext=\"\">Un lien permettant de d\u00e9finir un nouveau mot de passe sera envoy\u00e9 \u00e0 votre adresse e-mail.<\/p>\n<p>\t\t\t<wc-order-attribution-inputs><\/wc-order-attribution-inputs><\/p>\n<div class=\"woocommerce-privacy-policy-text\"><\/div>\n<p class=\"woocommerce-form-row form-row\">\n\t\t\t\t<input type=\"hidden\" id=\"woocommerce-register-nonce\" name=\"woocommerce-register-nonce\" value=\"3f167ecf03\" \/><input type=\"hidden\" name=\"_wp_http_referer\" value=\"\/fr\/wp-json\/wp\/v2\/pages\/14\" \/>\t\t\t\t<button type=\"submit\" class=\"woocommerce-Button woocommerce-button button woocommerce-form-register__submit\" name=\"register\" value=\"S\u2019inscrire\" data-no-translation=\"\" data-trp-gettext=\"\" data-no-translation-value=\"\">S\u2019inscrire<\/button>\n\t\t\t<\/p>\n<\/p><input type=\"hidden\" name=\"trp-form-language\" value=\"fr\"\/><\/form>\n<\/p><\/div>\n<\/div>\n<\/div>\n\t\t\t\t\t\t\t\t<\/div>\n\t\t\t\t\t<\/div>\n\t\t\t\t<\/div>\n\t\t\t\t<\/div>","protected":false},"excerpt":{"rendered":"","protected":false},"author":1,"featured_media":0,"parent":0,"menu_order":0,"comment_status":"closed","ping_status":"closed","template":"","meta":{"footnotes":""},"class_list":["post-14","page","type-page","status-publish","hentry"],"blocksy_meta":[],"yoast_head":"<!-- This site is optimized with the Yoast SEO Premium plugin v25.1 (Yoast SEO v26.2) - https:\/\/yoast.com\/wordpress\/plugins\/seo\/ -->\n<title>My account - Kreaticx<\/title>\n<meta name=\"robots\" content=\"index, follow, max-snippet:-1, max-image-preview:large, max-video-preview:-1\" \/>\n<link rel=\"canonical\" href=\"https:\/\/kreaticx.online\/fr\/mon-compte-2\/\" \/>\n<meta property=\"og:locale\" content=\"fr_FR\" \/>\n<meta property=\"og:type\" content=\"article\" \/>\n<meta property=\"og:title\" content=\"My account\" \/>\n<meta property=\"og:url\" content=\"https:\/\/kreaticx.online\/fr\/mon-compte-2\/\" \/>\n<meta property=\"og:site_name\" content=\"Kreaticx\" \/>\n<meta property=\"article:modified_time\" content=\"2025-07-14T12:54:14+00:00\" \/>\n<meta name=\"twitter:card\" content=\"summary_large_image\" \/>\n<script type=\"application\/ld+json\" class=\"yoast-schema-graph\">{\"@context\":\"https:\/\/schema.org\",\"@graph\":[{\"@type\":\"WebPage\",\"@id\":\"https:\/\/kreaticx.online\/my-account-2\/\",\"url\":\"https:\/\/kreaticx.online\/my-account-2\/\",\"name\":\"My account - Kreaticx\",\"isPartOf\":{\"@id\":\"https:\/\/kreaticx.online\/#website\"},\"datePublished\":\"2024-02-22T14:15:51+00:00\",\"dateModified\":\"2025-07-14T12:54:14+00:00\",\"breadcrumb\":{\"@id\":\"https:\/\/kreaticx.online\/my-account-2\/#breadcrumb\"},\"inLanguage\":\"fr-FR\",\"potentialAction\":[{\"@type\":\"ReadAction\",\"target\":[\"https:\/\/kreaticx.online\/my-account-2\/\"]}]},{\"@type\":\"BreadcrumbList\",\"@id\":\"https:\/\/kreaticx.online\/my-account-2\/#breadcrumb\",\"itemListElement\":[{\"@type\":\"ListItem\",\"position\":1,\"name\":\"Home\",\"item\":\"https:\/\/kreaticx.online\/\"},{\"@type\":\"ListItem\",\"position\":2,\"name\":\"My account\"}]},{\"@type\":\"WebSite\",\"@id\":\"https:\/\/kreaticx.online\/#website\",\"url\":\"https:\/\/kreaticx.online\/\",\"name\":\"Kreaticx\",\"description\":\"Driven by Knowledge, Powered by Experience\",\"publisher\":{\"@id\":\"https:\/\/kreaticx.online\/#organization\"},\"potentialAction\":[{\"@type\":\"SearchAction\",\"target\":{\"@type\":\"EntryPoint\",\"urlTemplate\":\"https:\/\/kreaticx.online\/?s={search_term_string}\"},\"query-input\":{\"@type\":\"PropertyValueSpecification\",\"valueRequired\":true,\"valueName\":\"search_term_string\"}}],\"inLanguage\":\"fr-FR\"},{\"@type\":[\"Organization\",\"Place\"],\"@id\":\"https:\/\/kreaticx.online\/#organization\",\"name\":\"Kreaticx\",\"url\":\"https:\/\/kreaticx.online\/\",\"logo\":{\"@id\":\"https:\/\/kreaticx.online\/my-account-2\/#local-main-organization-logo\"},\"image\":{\"@id\":\"https:\/\/kreaticx.online\/my-account-2\/#local-main-organization-logo\"},\"description\":\"By combining creativity, technology, and strategic thinking, we help businesses evolve beyond their current boundaries. Where innovative and high-potential business opportunities await discovery, we are your partners.\",\"hasMerchantReturnPolicy\":{\"@type\":\"MerchantReturnPolicy\",\"merchantReturnLink\":\"https:\/\/kreaticx.online\/fr\/politique-des-services\/\"},\"address\":{\"@id\":\"https:\/\/kreaticx.online\/my-account-2\/#local-main-place-address\"},\"telephone\":[\"+8618329076163\"],\"contactPoint\":{\"@type\":\"ContactPoint\",\"email\":\"contact@kreaticx.com\"},\"openingHoursSpecification\":{\"@type\":\"OpeningHoursSpecification\",\"dayOfWeek\":[\"Monday\",\"Tuesday\",\"Wednesday\",\"Thursday\",\"Friday\",\"Saturday\",\"Sunday\"],\"opens\":\"00:00\",\"closes\":\"23:59\"},\"email\":\"contact@kreaticx.com\"},{\"@type\":\"PostalAddress\",\"@id\":\"https:\/\/kreaticx.online\/my-account-2\/#local-main-place-address\",\"streetAddress\":\"TONG XIN ROAD N200 N204\",\"addressLocality\":\"JINHUA\",\"postalCode\":\"321000\",\"addressRegion\":\"Zhejiang\",\"addressCountry\":\"CN\"},{\"@type\":\"ImageObject\",\"inLanguage\":\"fr-FR\",\"@id\":\"https:\/\/kreaticx.online\/my-account-2\/#local-main-organization-logo\",\"url\":\"https:\/\/kreaticx.online\/wp-content\/uploads\/2025\/07\/cropped-Kreaticx-FAV-1.webp\",\"contentUrl\":\"https:\/\/kreaticx.online\/wp-content\/uploads\/2025\/07\/cropped-Kreaticx-FAV-1.webp\",\"width\":512,\"height\":512,\"caption\":\"Kreaticx\"}]}<\/script>\n<meta name=\"geo.placename\" content=\"JINHUA\" \/>\n<meta name=\"geo.region\" content=\"Chine\" \/>\n<!-- \/ Yoast SEO Premium plugin. -->","yoast_head_json":{"title":"Mon compte - Kreaticx","robots":{"index":"index","follow":"follow","max-snippet":"max-snippet:-1","max-image-preview":"max-image-preview:large","max-video-preview":"max-video-preview:-1"},"canonical":"https:\/\/kreaticx.online\/fr\/mon-compte-2\/","og_locale":"fr_FR","og_type":"article","og_title":"My account","og_url":"https:\/\/kreaticx.online\/fr\/mon-compte-2\/","og_site_name":"Kreaticx","article_modified_time":"2025-07-14T12:54:14+00:00","twitter_card":"summary_large_image","schema":{"@context":"https:\/\/schema.org","@graph":[{"@type":"WebPage","@id":"https:\/\/kreaticx.online\/my-account-2\/","url":"https:\/\/kreaticx.online\/my-account-2\/","name":"Mon compte - Kreaticx","isPartOf":{"@id":"https:\/\/kreaticx.online\/#website"},"datePublished":"2024-02-22T14:15:51+00:00","dateModified":"2025-07-14T12:54:14+00:00","breadcrumb":{"@id":"https:\/\/kreaticx.online\/my-account-2\/#breadcrumb"},"inLanguage":"fr-FR","potentialAction":[{"@type":"ReadAction","target":["https:\/\/kreaticx.online\/my-account-2\/"]}]},{"@type":"BreadcrumbList","@id":"https:\/\/kreaticx.online\/my-account-2\/#breadcrumb","itemListElement":[{"@type":"ListItem","position":1,"name":"Home","item":"https:\/\/kreaticx.online\/"},{"@type":"ListItem","position":2,"name":"My account"}]},{"@type":"WebSite","@id":"https:\/\/kreaticx.online\/#website","url":"https:\/\/kreaticx.online\/","name":"Kreaticx","description":"La connaissance au service de l'exp\u00e9rience","publisher":{"@id":"https:\/\/kreaticx.online\/#organization"},"potentialAction":[{"@type":"SearchAction","target":{"@type":"EntryPoint","urlTemplate":"https:\/\/kreaticx.online\/?s={search_term_string}"},"query-input":{"@type":"PropertyValueSpecification","valueRequired":true,"valueName":"search_term_string"}}],"inLanguage":"fr-FR"},{"@type":["Organization","Place"],"@id":"https:\/\/kreaticx.online\/#organization","name":"Kreaticx","url":"https:\/\/kreaticx.online\/","logo":{"@id":"https:\/\/kreaticx.online\/my-account-2\/#local-main-organization-logo"},"image":{"@id":"https:\/\/kreaticx.online\/my-account-2\/#local-main-organization-logo"},"description":"En combinant cr\u00e9ativit\u00e9, technologie et r\u00e9flexion strat\u00e9gique, nous aidons les entreprises \u00e0 \u00e9voluer au-del\u00e0 de leurs limites actuelles. L\u00e0 o\u00f9 des opportunit\u00e9s commerciales innovantes et \u00e0 fort potentiel attendent d'\u00eatre d\u00e9couvertes, nous sommes vos partenaires.","hasMerchantReturnPolicy":{"@type":"MerchantReturnPolicy","merchantReturnLink":"https:\/\/kreaticx.online\/fr\/politique-des-services\/"},"address":{"@id":"https:\/\/kreaticx.online\/my-account-2\/#local-main-place-address"},"telephone":["+8618329076163"],"contactPoint":{"@type":"ContactPoint","email":"contact@kreaticx.com"},"openingHoursSpecification":{"@type":"OpeningHoursSpecification","dayOfWeek":["Monday","Tuesday","Wednesday","Thursday","Friday","Saturday","Sunday"],"opens":"00:00","closes":"23:59"},"email":"contact@kreaticx.com"},{"@type":"PostalAddress","@id":"https:\/\/kreaticx.online\/my-account-2\/#local-main-place-address","streetAddress":"TONG XIN ROAD N200 N204","addressLocality":"JINHUA","postalCode":"321000","addressRegion":"Zhejiang","addressCountry":"CN"},{"@type":"ImageObject","inLanguage":"fr-FR","@id":"https:\/\/kreaticx.online\/my-account-2\/#local-main-organization-logo","url":"https:\/\/kreaticx.online\/wp-content\/uploads\/2025\/07\/cropped-Kreaticx-FAV-1.webp","contentUrl":"https:\/\/kreaticx.online\/wp-content\/uploads\/2025\/07\/cropped-Kreaticx-FAV-1.webp","width":512,"height":512,"caption":"Kreaticx"}]},"geo.placename":"JINHUA","geo.region":"Chine"},"_links":{"self":[{"href":"https:\/\/kreaticx.online\/fr\/wp-json\/wp\/v2\/pages\/14","targetHints":{"allow":["GET"]}}],"collection":[{"href":"https:\/\/kreaticx.online\/fr\/wp-json\/wp\/v2\/pages"}],"about":[{"href":"https:\/\/kreaticx.online\/fr\/wp-json\/wp\/v2\/types\/page"}],"author":[{"embeddable":true,"href":"https:\/\/kreaticx.online\/fr\/wp-json\/wp\/v2\/users\/1"}],"replies":[{"embeddable":true,"href":"https:\/\/kreaticx.online\/fr\/wp-json\/wp\/v2\/comments?post=14"}],"version-history":[{"count":9,"href":"https:\/\/kreaticx.online\/fr\/wp-json\/wp\/v2\/pages\/14\/revisions"}],"predecessor-version":[{"id":4611,"href":"https:\/\/kreaticx.online\/fr\/wp-json\/wp\/v2\/pages\/14\/revisions\/4611"}],"wp:attachment":[{"href":"https:\/\/kreaticx.online\/fr\/wp-json\/wp\/v2\/media?parent=14"}],"curies":[{"name":"wp","href":"https:\/\/api.w.org\/{rel}","templated":true}]}}